{"id":279,"date":"2023-12-12T17:01:20","date_gmt":"2023-12-12T15:01:20","guid":{"rendered":"https:\/\/azugatabere.ro\/magazin\/?page_id=279"},"modified":"2023-12-20T22:12:19","modified_gmt":"2023-12-20T20:12:19","slug":"termeni-si-conditii","status":"publish","type":"page","link":"https:\/\/azugatabere.ro\/magazin\/termeni-si-conditii\/","title":{"rendered":"Termeni si conditii"},"content":{"rendered":"\n<strong>ART 1 Definitii<\/strong>\n1. Platforma online https:\/\/azugatabere.ro\/magazin\/ apartine\n <br\/>\n <strong>MU\u015eA V. ALIN MARIUS \u00ceNTREPRINDERE INDIVIDUAL\u0102<\/strong> cu sediul in <strong>STR. VALEA AZUGII, NR.3, BL.37, SC.B, ET.2, AP.27, OR\u015e. AZUGA, Romania<\/strong>, RC: <strong>F29\/1941\/2011<\/strong>, CIF <strong>29393013<\/strong>, e-mail: <strong>contact@azugatabere.ro<\/strong>, telefon: <strong>0721948583<\/strong>, si va fi denumita in continuare PLATFORMA\n<br\/>\n2. Orice persoana fizica majora sau juridica care acceseaza PLATFORMA cu scopul de a o vizita , de a cumpara produse sau de a deveni PARTENER ( definitie termen PARTENER in Alin nr 3 ARTnr 1) se numeste UTILIZATOR.\n<br\/>\n3. Persoana fizica majora sau Persoana juridica care obtine statutul de PARTENER poate vinde prin intermediul PLATFORMEI bunuri si servicii.\n<br\/>\n<strong>ART 2 Acceptarea termenilor si conditiilor<\/strong>\n<br\/>\nAcesti termini si conditii constituie acordul legal intre dumneavoastra si PLATFORMA. Cumpararea de produse si servicii , deschiderea unui cont de UTILIZATOR sau de PARTENER nu se poate realiza decat prin acceparea fara echivoc a Termenilor si Conditiilor.\n<br\/>\n<strong>ART 3 Politica de confidentialitate si securitate a datelor cu caracter personal<\/strong>\n<br\/>\nConform Legii nr. 677\/2001 pentru protectia persoanelor cu privire la prelucrarea datelor cu caracter personal si libera circulatie a acestor date, modificata si completata, si ale Legii nr. 506\/2004 privind prelucrarea datelor cu caracter personal si protectia vietii private in sectorul comunicatiilor electronice, informatiile furnizate de catre UTILIZATOR vor fi folosite de catre PLATFORMA exclusiv in scopul declarat al site-ului. Astfel, datele din formularul de comanda vor fi folosite numai pentru a se trimite confirmarea comenzilor, promotii, buletinele informative periodice (doar in masura in care UTILIZATORUL este de acord sa primeasca acest gen de informatii) si pentru livrarea comenzilor etc.\nUTILIZATORUL nu este obligat sa furnizeze datele personale, insa refuzul face imposibila prelucrarea comenzii si derularea livrarii produselor.\nConform Legii nr. 677\/2001, UTILIZATORUL beneficiaza de dreptul de acces, de interventie asupra datelor, dreptul de a nu fi supus unei decizii individuale si dreptul de a se adresa justitiei. De asemenea, UTILIZATORUL are dreptul de a se opune prelucrarii datelor personale si sa solicite stergerea datelor din baza de date. Pentru exercitarea acestor drepturi, UTILIZATORUL se poate adresa PLATFORMEI cu o cerere scrisa, datata si semnata.\nPLATFORMA se obliga sa nu faca publice sau sa nu vanda bazele de date continand informatii referitoare la datele personale ale clientilor sai. In cazul in care se va pune problema utilizarii datelor dumneavoastra in scopul realizarii unor campanii, vi se va cere acordul explicit.\nPLATFORMA nu trimite mesaje nesolicitate UTILIZATORILOR sai. Orice mesaj periodic trimis contine datele noastre de identificare, precum si o procedura valida de renuntare la subscriere.\nPentru problemele locale cu privire la protec\u021bia datelor, pute\u021bi contacta autoritatea local\u0103 reprezentat\u0103 de c\u0103tre:\n<br\/>\nAutoritatea Na\u021bional\u0103 pentru Protec\u021bia Datelor\nAdres\u0103: B-dul Magheru 28-30, Sector 1, BUCURE\u015eTI\nWebsite: http:\/\/www.dataprotection.ro .\n<br\/>\n<strong>ART 4 Drepturi si obligatii generale<\/strong>\n<br\/>\nUTILIZATORUL are dreptul de a deschide cont de utilizator in vederea achizitiei de bunuri si servicii prin intermediul PLATFORMEI cu conditia ca acesta sa fie persoana majora. Datele solicitate pentru deschiderea de cont vor fi username , adresa de email si detalii de livrare\nDetaliile de livrare contin: Nume , Prenume, numar de telefon si adresa de livrare produse.\nUTILIZATORUL poate cumpara produse si servicii prin intermediul PLATFORMEI si fara inregistrare; avantajul inregistrarii fiind acela ca detaliile de livrare se vor introduce o singura data.\nProdusele afisate pe PLATFORMA nu apartin PLATFORMEI, ci PARTENERILOR inregistrati. PLATFORMA nu isi asuma nici un fel de obligatie cu privire la provenienta bunurilor puse spre vanzare , autenticitatea articolelor si adaosul comercial practicat de catre PARTENERI.\nPLATFORMA va depune toate diligentele in vederea exercitarii unui dialog cat mai eficient intre UTILIZATORI si PARTENERI insa nu se va pronunta sub nici o forma in cazul unui litigiu de natura juridica intre acestia .\nPlasarea comenzilor se face prin intermediul PLATFORMEI ; in cazul in care UTILIZATORUL doreste sa comande produse si servicii direct de la PARTENERI prin accesarea informatiilor de contact disponibile a acestora , PLATFORMA nu se opune si nu interzice acest aspect.\nIntregul continut al acestui site apartine entitatii juridice  MU\u015eA V. ALIN MARIUS \u00ceNTREPRINDERE INDIVIDUAL\u0102 Preluarea de informatii si publicarea lor in spatiul on line fara acordul scris este interzisa si incalca drepurile de autor precum si Termenii si conditiile de utilizare ale PLATFORMEI.\nPentru a deveni PARTENER , se trimite o cerere pe mail in care se specifica statutul de persoana fizica sau de persoana juridica, categoria sau categoriile in care se incadreaza bunurile sau serviciile oferite. Dupa analizarea cererii de parteneriat, UTILIZATORUL va primi sau nu o oferta de colaborare.\n<br\/>\n<strong>TVA<\/strong>\n<br\/>\nPre\u0163urile afi\u015fate \u00een acest magazin online includ TVA 19%. TVA \u00eenseamn\u0103 \u201etaxa pe valoare ad\u0103ugat\u0103\u201d, \u015fi este aplicat\u0103 \u00een \u00eentreaga Uniune European\u0103.\nTermen de livrare\nPentru produsele in stoc este de maxim 72 ore.\nPre\u0163uri eronate\nDe\u015fi facem \u00een permanen\u0163\u0103 verific\u0103ri pentru a ne asigura c\u0103 toate pre\u0163urile afi\u015fate sunt corecte, uneori pot s\u0103 apar\u0103 erori. Dac\u0103 identific\u0103m o eroare \u00een pre\u0163urile produselor comandate, te vom anun\u0163a c\u00e2t de repede posibil \u015fi \u00ee\u0163i vom oferi posibilitatea s\u0103 reconfigurezi comanda la pre\u0163ul rectificat sau s\u0103 o anulezi.\n<br\/>\n<strong>Frauda<\/strong>\n<br\/>\n\u00cen scopul acces\u0103rii \u015fi utiliz\u0103rii anumitor sec\u0163iuni ale website-ului poate fi necesar\u0103 crearea unui cont personal. Prin prezenta declara\u0163i c\u0103 v\u0103 asuma\u0163i integral responsabilitatea pentru toate \u015fi oricare dintre activit\u0103\u0163ile realizate prin intermediul contului pe care \u00eel deschide\u0163i pe website \u015fi, \u00een consecin\u0163\u0103, v\u0103 sf\u0103tuim s\u0103 asigura\u0163i securitatea parolei contului sau a altor date de acces. \u00cen cazul \u00een care securitatea contului pe care \u00eel de\u0163ine\u0163i este compromis\u0103, trebuie s\u0103 anun\u0163a\u0163i imediat administratorul site-ului.  MU\u015eA V. ALIN MARIUS \u00ceNTREPRINDERE INDIVIDUAL\u0102 (https:\/\/azugatabere.ro\/magazin\/) nu este responsabil pentru daunele care v\u0103 sunt cauzate sau care sunt cauzate ter\u0163ilor de orice fel, prin utilizarea neautorizat\u0103 a contului.\n<br\/>\n<strong>Drept aplicabil<\/strong>\n<br\/>\nPrin folosirea site-ului  MU\u015eA V. ALIN MARIUS \u00ceNTREPRINDERE INDIVIDUAL\u0102 (https:\/\/azugatabere.ro\/magazin\/), utilizatorul se declar\u0103 de acord asupra faptului c\u0103 legile rom\u00e2ne vor guverna Termenii \u015fi condi\u0163iile de utilizare \u015fi orice disput\u0103 de orice fel care ar putea s\u0103 apar\u0103 \u00eentre utilizatori \u015fi administratorii  MU\u015eA V. ALIN MARIUS \u00ceNTREPRINDERE INDIVIDUAL\u0102 (https:\/\/azugatabere.ro\/magazin\/) sau asocia\u0163ii \/ partenerii \/ afilia\u0163ii acestuia.\n\u00cen cazul unor eventuale conflicte se va \u00eencerca mai \u00eent\u00e2i rezolvarea acestora pe cale amiabil\u0103, iar dac\u0103 rezolvarea pe cale amiabil\u0103 nu va fi posibil\u0103, conflictul va fi solu\u0163ionat \u00een instan\u0163\u0103, \u00een conformitate cu legile rom\u00e2ne \u00een vigoare.\n<br\/>\n<strong>Retur<\/strong>\n<br\/>\nNemul\u021bumi\u021bi de produsul achizi\u021bionat de pe azugatabere.ro\/magazin\/?\n\u00cel pute\u021bi schimba sau pute\u021bi solicita returnarea contravalorii produsului.  MU\u015eA V. ALIN MARIUS \u00ceNTREPRINDERE INDIVIDUAL\u0102 se oblig\u0103 s\u0103 schimbe\/returneze valoarea produselor dac\u0103 sunt \u00eendeplinite urm\u0103toarele condi\u021bii:\nReturnarea\/schimbul se face \u00een maxim 14 zile de la primire;\nProdusele arat\u0103 impecabil \u0219i nu prezint\u0103 semne de purtare sau deteriorare;\nAmbalajele trebuie s\u0103 fie originale \u0219i p\u0103strate intacte;\nPlata transportului este suportat\u0103 de client.\nSuna\u021bi la <strong>0721948583<\/strong> sau pe email la <strong>contact@azugatabere.ro<\/strong> \u0219i anun\u021ba\u021bi dorin\u021ba de returnare\/schimbare a unui produs. Ve\u021bi primi un numar de ordine \u0219i adresa de returnare.\nDaca produsul comandat nu este conform asteptarilor dumneavoastra (indiferent de motiv),  MU\u015eA V. ALIN MARIUS \u00ceNTREPRINDERE INDIVIDUAL\u0102 va ofera posibilitatea de a-l returna si de a va restitui contravaloarea acestuia in cont bancar. Restituirea banilor se face in 14 zile de la primirea produsului returnat.\nIn cazul in care doriti inlocuirea produsului, puteti plasa o noua comanda pe site pe care o veti achita separat, prin metoda de plata dorita.\nImportant: Produsul trebuie returnat in starea in care a fost primit de catre client, cu ambalajul si toate accesoriile originale pentru a putea beneficia de drepturile de returnare a acestuia.\nPolitica de confidentialitate exstinsa\nAzugatabere.ro\/magazin\/ se angajeaz\u0103 s\u0103 nu transmit\u0103 datele personale ale utilizatorilor site-ului c\u0103tre ter\u0163i \u015fi s\u0103 le foloseasc\u0103 numai \u00een scopul stabilirii contactului cu clien\u0163ii s\u0103i, precum \u015fi \u00een scopul inform\u0103rii acestora asupra aspectelor legate de func\u0163ionarea site-ului \u015fi a ofertelor acestuia.\nCompania va re\u0163ine datele personale \u015fi le va folosi \u00een scopul inform\u0103rii utilizatorilor privind situa\u0163ia contului de pe azugatabere.ro\/magazin\/, privind evolu\u0163ia \u015fi starea comenzilor, precum \u015fi \u00een evaluarea produselor \u015fi serviciilor oferite.\n MU\u015eA V. ALIN MARIUS \u00ceNTREPRINDERE INDIVIDUAL\u0102 se oblig\u0103 s\u0103 p\u0103streze confiden\u0163ialitatea datelor personale furnizate de dumneavoastr\u0103 prin intermediul site-ului www.azugatabere.ro\/magazin\/, prin completarea formularelor de \u00eenregistrare \u015fi comand\u0103, a\u015fa cum prev\u0103d dispozi\u0163iile Legii 677\/2001 cu modific\u0103rile ulterioare privind protec\u0163ia datelor personale.\n MU\u015eA V. ALIN MARIUS \u00ceNTREPRINDERE INDIVIDUAL\u0102 nu \u00ee\u015fi asum\u0103 responsabilitatea pentru pierderile de informa\u0163ii datorate erorilor sau eventualelor probleme de securitate ale serverului ce g\u0103zduie\u015fte site-ul, sau ac\u0163iunilor neautorizate ale unor ter\u0163e persoane.\nPentru informare \u015fi suport, ne pute\u0163i contacta folosind formularul de contact.\n<br\/>\n<strong>Limitare de responsabilitate<\/strong>\n<br\/>\nNu vom fi r\u0103spunz\u0103tori pentru: orice fel de prejudiciu (direct, indirect, accidental sau nu) ce rezult\u0103 din folosirea sau din incapacitatea de folosire a informa\u0163iei prezentate pe site \u015fi orice tip de erori sau omisiuni \u00een con\u0163inut care pot conduce la orice fel de pierderi. Informa\u0163iile pot fi reproduse prin tip\u0103rire numai pentru uz personal. Informa\u0163iile nu pot fi reproduse, distribuite sau transmise altei persoane sau \u00eencorporate \u00een orice fel intr-un alt document sau material f\u0103r\u0103 permisiunea prealabil\u0103 scris\u0103 a autorilor lor.\nCe date personale colect\u0103m \u0219i de ce le colect\u0103m\n<br\/>\n<strong>Comentarii<\/strong>\n<br\/>\nC\u00e2nd vizitatorii las\u0103 comentarii pe sit, colect\u0103m datele ar\u0103tate \u00een formularele de comentarii, dar \u0219i adresa IP a vizitatorului \u0219i \u0219irul agen\u021bilor utilizator din navigator pentru a ne ajuta la detectarea spamului.\nUn \u0219ir f\u0103cut anonim (numit \u0219i un hash), creat din adresele tale de email, poate fi furnizat serviciului Gravatar pentru a vedea dac\u0103 \u00eel folose\u0219ti. Politica de confiden\u021bialitate a serviciului Gravatar este disponibil\u0103 aici: https:\/\/automattic.com\/privacy\/. Dup\u0103 aprobarea comentariului, fotografia ta de profil este vizibil\u0103 pentru public l\u00e2ng\u0103 comentariul t\u0103u.\n<br\/>\n<strong>Media<\/strong>\n<br\/>\nDac\u0103 \u00eencarci imagini pe situl web, ar trebui s\u0103 evi\u021bi \u00eenc\u0103rcarea imaginilor care au incluse date de loca\u021bie \u00eenglobate (EXIF GPS). Vizitatorii sitului web pot desc\u0103rca \u0219i extrage toate datele despre loca\u021bie din imaginile de pe sit.\n<br\/>\nFormulare de contact\n<br\/>\n<strong>Cookie-uri<\/strong>\n<br\/>\nDac\u0103 la\u0219i un comentariu pe situl nostru, po\u021bi opta pentru salvarea \u00een cookie-uri a numelui, adresei de email \u0219i sitului t\u0103u web. Acestea sunt pentru confortul t\u0103u, astfel nu mai trebuie s\u0103 le completezi din nou c\u00e2nd la\u0219i un alt comentariu. Aceste cookie-uri vor fi valabile un an.\nDac\u0103 ai un cont \u0219i te autentifici \u00een acest sit, vom seta un cookie temporar pentru a determina dac\u0103 navigatorul t\u0103u accept\u0103 cookie-uri. Acest cookie nu con\u021bine date personale \u0219i este eliminat c\u00e2nd \u00eenchizi navigatorul.\nC\u00e2nd te autentifici, vom seta \u0219i c\u00e2teva cookie-uri pentru a-\u021bi salva informa\u021biile de autentificare \u0219i op\u021biunile de afi\u0219are pe ecran. Cookie-urile de autentificare sunt p\u0103strate dou\u0103 zile, iar cele pentru op\u021biuni de afi\u0219are pe ecran sunt p\u0103strate un an. Dac\u0103 selectezi \u201e\u021aine-m\u0103 minte\u201d, cookie-urile tale de autentificare vor fi p\u0103strate dou\u0103 s\u0103pt\u0103m\u00e2ni. Dac\u0103 te dezautentifici din cont, cookie-urile de autentificare vor fi eliminate.\nDac\u0103 editezi sau publici un articol, un cookie suplimentar va fi salvat \u00een navigatorul t\u0103u. Acest cookie nu include date personale \u0219i indic\u0103 pur \u0219i simplu ID-ul articolului pe care tocmai l-ai editat. El expir\u0103 dup\u0103 1 zi.\nCon\u021binut \u00eenglobat de pe alte situri web\nArticolele din acest sit pot include con\u021binut \u00eenglobat (de exemplu, videouri, imagini, articole etc.). Con\u021binutul \u00eenglobat de pe alte situri web se comporta exact la fel ca \u0219i cum vizitatorii au vizualizat un alt sit web.\nAceste situri web pot s\u0103 colecteze date despre tine, s\u0103 foloseasc\u0103 cookie-uri, s\u0103 \u00eenglobeze urm\u0103rirea suplimentar\u0103 de la p\u0103r\u021bi ter\u021be \u0219i s\u0103-\u021bi monitorizeze interac\u021biunea cu con\u021binutul \u00eenglobat, inclusiv s\u0103-\u021bi urm\u0103reasc\u0103 interac\u021biunea cu con\u021binutul \u00eenglobat dac\u0103 ai un cont \u0219i e\u0219ti autentificat \u00een acel sit web.\n<br\/>\n<strong>Analitice<\/strong>\n<br\/>\nFolosim Google Analytics pentru statistici privind viziatorii websiteului. Aceste statistici sunt anonime, dar pot contine unele date identificatoare. Detalii complete la Google Analytics\nCu cine partaj\u0103m datele tale\nDoar cu servicii de care websiteul are nevoie pentru functionare. Datele partajate sunt anonime, folosite doar pentru statistici. Altfel, nu instrainam sau impartasim datele tale personale, precum email, nume, adresa, telefon.\n<br\/>\nC\u00e2t timp \u00ee\u021bi p\u0103str\u0103m datele\n<br\/>\nDac\u0103 la\u0219i un comentariu, comentariul \u0219i metadatele lui sunt p\u0103strate pe o perioad\u0103 nedeterminat\u0103. A\u0219a putem recunoa\u0219te \u0219i aproba automat toate comentariile urm\u0103toare \u00een loc s\u0103 le \u021binem \u00eentr-o coad\u0103 pentru moderare.\nPentru utilizatorii (dac\u0103 exist\u0103) care se \u00eenregistreaz\u0103 pe situl nostru web, stoc\u0103m \u0219i informa\u021biile personale pe care le furnizeaz\u0103 \u00een profilul lor de utilizator. To\u021bi utilizatorii \u00ee\u0219i pot vedea, edita sau \u0219terge informa\u021biile personale oric\u00e2nd (dar nu \u00ee\u0219i pot schimba numele de utilizator). De asemenea, administratorii sitului web pot vedea \u0219i edita aceste informa\u021bii.\nCe drepturi ai asupra datelor tale\nDac\u0103 ai un cont sau ai l\u0103sat comentarii pe acest sit web, po\u021bi cere s\u0103 prime\u0219ti un fi\u0219ier de export cu datele personale pe care le de\u021binem despre tine, inclusiv toate datele pe care ni le-ai furnizat. De asemenea, ne po\u021bi cere s\u0103 \u0219tergem toate datele personale pe care le de\u021binem despre tine. Acestea nu includ toate datele pe care suntem obliga\u021bi s\u0103 le p\u0103str\u0103m \u00een scopuri administrative, juridice sau de securitate.\n<br\/>\n<strong>Unde \u00ee\u021bi trimitem datele<\/strong>\n<br\/>\nDatele tale personale sunt folosite doar in scopul procesarii comenzilor.\nComentariile vizitatorilor pot fi verificate printr-un serviciu automat de detectare a spamului.\nInforma\u021biile tale de contact\nNu vor fi impartasite.\n<br\/>\n<strong>Informa\u021bii suplimentare<\/strong>\n<br\/>\n<strong>Cum \u00ee\u021bi protej\u0103m datele<\/strong>\n<br\/>\nFolosim tehnologii de ultima generatie pentru protejarea datelor.\nCe proceduri avem la dispozi\u021bie pentru \u00eenc\u0103lcarea securit\u0103\u021bii datelor\nIncalcarile vor fi raportate vizibil.\nDe la care p\u0103r\u021bi ter\u021be primim date\nNiciuna.\nCe decizii lu\u0103m \u0219i\/sau ce profiluri realiz\u0103m automat cu datele utilizatorilor\nNu facem asta.\nCerin\u021be pentru divulgarea unei afaceri controlat\u0103 de guvern\nPLATFORMA isi rezerva dreptul de a modifica oricand TERMENII SI CONDITIILE utilizarii acestui site .\n","protected":false},"excerpt":{"rendered":"<p>ART 1 Definitii 1. Platforma online https:\/\/azugatabere.ro\/magazin\/ apartine MU\u015eA V. ALIN MARIUS \u00ceNTREPRINDERE INDIVIDUAL\u0102 cu sediul in STR. VALEA AZUGII, NR.3, BL.37, SC.B, ET.2, AP.27, OR\u015e. AZUGA, Romania, RC: F29\/1941\/2011, CIF 29393013, e-mail: contact@azugatabere.ro, telefon: 0721948583, si va fi denumita in continuare PLATFORMA 2. Orice persoana fizica majora sau juridica care acceseaza PLATFORMA cu scopul [&#8230;]\n","protected":false},"author":1,"featured_media":0,"parent":0,"menu_order":0,"comment_status":"closed","ping_status":"closed","template":"","meta":{"footnotes":""},"class_list":["post-279","page","type-page","status-publish","hentry"],"_links":{"self":[{"href":"https:\/\/azugatabere.ro\/magazin\/wp-json\/wp\/v2\/pages\/279","targetHints":{"allow":["GET"]}}],"collection":[{"href":"https:\/\/azugatabere.ro\/magazin\/wp-json\/wp\/v2\/pages"}],"about":[{"href":"https:\/\/azugatabere.ro\/magazin\/wp-json\/wp\/v2\/types\/page"}],"author":[{"embeddable":true,"href":"https:\/\/azugatabere.ro\/magazin\/wp-json\/wp\/v2\/users\/1"}],"replies":[{"embeddable":true,"href":"https:\/\/azugatabere.ro\/magazin\/wp-json\/wp\/v2\/comments?post=279"}],"version-history":[{"count":5,"href":"https:\/\/azugatabere.ro\/magazin\/wp-json\/wp\/v2\/pages\/279\/revisions"}],"predecessor-version":[{"id":493,"href":"https:\/\/azugatabere.ro\/magazin\/wp-json\/wp\/v2\/pages\/279\/revisions\/493"}],"wp:attachment":[{"href":"https:\/\/azugatabere.ro\/magazin\/wp-json\/wp\/v2\/media?parent=279"}],"curies":[{"name":"wp","href":"https:\/\/api.w.org\/{rel}","templated":true}]}}